{"id":151,"date":"2020-12-19T14:55:18","date_gmt":"2020-12-19T14:55:18","guid":{"rendered":"http:\/\/rheingaumakler.de\/?page_id=151"},"modified":"2021-01-03T13:55:23","modified_gmt":"2021-01-03T13:55:23","slug":"impressum","status":"publish","type":"page","link":"https:\/\/www.rheingaumakler.de\/?page_id=151","title":{"rendered":"Impressum"},"content":{"rendered":"\t\t<div data-elementor-type=\"wp-page\" data-elementor-id=\"151\" class=\"elementor elementor-151\" data-elementor-settings=\"[]\">\n\t\t\t\t\t\t<div class=\"elementor-inner\">\n\t\t\t\t\t\t\t<div class=\"elementor-section-wrap\">\n\t\t\t\t\t\t\t<header class=\"elementor-section elementor-top-section elementor-element elementor-element-152b4fa elementor-section-content-middle elementor-section-boxed elementor-section-height-default elementor-section-height-default\" data-id=\"152b4fa\" data-element_type=\"section\" data-settings=\"{&quot;background_background&quot;:&quot;classic&quot;,&quot;sticky&quot;:&quot;top&quot;,&quot;sticky_on&quot;:[&quot;desktop&quot;,&quot;tablet&quot;,&quot;mobile&quot;],&quot;sticky_offset&quot;:0,&quot;sticky_effects_offset&quot;:0}\">\n\t\t\t\t\t\t<div class=\"elementor-container elementor-column-gap-no\">\n\t\t\t\t\t\t\t<div class=\"elementor-row\">\n\t\t\t\t\t<div class=\"elementor-column elementor-col-25 elementor-top-column elementor-element elementor-element-c9fdb87\" data-id=\"c9fdb87\" data-element_type=\"column\">\n\t\t\t<div class=\"elementor-column-wrap elementor-element-populated\">\n\t\t\t\t\t\t\t<div class=\"elementor-widget-wrap\">\n\t\t\t\t\t\t<div class=\"elementor-element elementor-element-62a60c2 elementor-widget elementor-widget-theme-site-logo elementor-widget-image\" data-id=\"62a60c2\" data-element_type=\"widget\" data-widget_type=\"theme-site-logo.default\">\n\t\t\t\t<div class=\"elementor-widget-container\">\n\t\t\t\t\t<div class=\"elementor-image\">\n\t\t\t\t\t\t\t\t\t\t\t<a href=\"https:\/\/www.rheingaumakler.de\">\n\t\t\t\t\t\t\t<img width=\"2367\" height=\"654\" src=\"https:\/\/www.rheingaumakler.de\/wp-content\/uploads\/2021\/01\/cropped-Rheingau_Logo_Final_Neu2021_grau-WEB.jpg\" class=\"attachment-full size-full\" alt=\"\" loading=\"lazy\" srcset=\"https:\/\/www.rheingaumakler.de\/wp-content\/uploads\/2021\/01\/cropped-Rheingau_Logo_Final_Neu2021_grau-WEB.jpg 2367w, https:\/\/www.rheingaumakler.de\/wp-content\/uploads\/2021\/01\/cropped-Rheingau_Logo_Final_Neu2021_grau-WEB-300x83.jpg 300w, https:\/\/www.rheingaumakler.de\/wp-content\/uploads\/2021\/01\/cropped-Rheingau_Logo_Final_Neu2021_grau-WEB-1024x283.jpg 1024w, https:\/\/www.rheingaumakler.de\/wp-content\/uploads\/2021\/01\/cropped-Rheingau_Logo_Final_Neu2021_grau-WEB-768x212.jpg 768w, https:\/\/www.rheingaumakler.de\/wp-content\/uploads\/2021\/01\/cropped-Rheingau_Logo_Final_Neu2021_grau-WEB-1536x424.jpg 1536w, https:\/\/www.rheingaumakler.de\/wp-content\/uploads\/2021\/01\/cropped-Rheingau_Logo_Final_Neu2021_grau-WEB-2048x566.jpg 2048w, https:\/\/www.rheingaumakler.de\/wp-content\/uploads\/2021\/01\/cropped-Rheingau_Logo_Final_Neu2021_grau-WEB-1568x433.jpg 1568w\" sizes=\"(max-width: 2367px) 100vw, 2367px\" style=\"width:100%;height:27.63%;max-width:2367px;\" \/>\t\t\t\t\t\t\t\t<\/a>\n\t\t\t\t\t\t\t\t\t\t\t<\/div>\n\t\t\t\t<\/div>\n\t\t\t\t<\/div>\n\t\t\t\t\t\t<\/div>\n\t\t\t\t\t<\/div>\n\t\t<\/div>\n\t\t\t\t<div class=\"elementor-column elementor-col-50 elementor-top-column elementor-element elementor-element-5e15c22\" data-id=\"5e15c22\" data-element_type=\"column\">\n\t\t\t<div class=\"elementor-column-wrap elementor-element-populated\">\n\t\t\t\t\t\t\t<div class=\"elementor-widget-wrap\">\n\t\t\t\t\t\t<div class=\"elementor-element elementor-element-86f7d7c elementor-nav-menu__align-center elementor-nav-menu--dropdown-mobile elementor-nav-menu--stretch elementor-nav-menu__text-align-center elementor-nav-menu--indicator-classic elementor-nav-menu--toggle elementor-nav-menu--burger elementor-widget elementor-widget-nav-menu\" data-id=\"86f7d7c\" data-element_type=\"widget\" data-settings=\"{&quot;full_width&quot;:&quot;stretch&quot;,&quot;layout&quot;:&quot;horizontal&quot;,&quot;toggle&quot;:&quot;burger&quot;}\" data-widget_type=\"nav-menu.default\">\n\t\t\t\t<div class=\"elementor-widget-container\">\n\t\t\t\t\t\t<nav role=\"navigation\" class=\"elementor-nav-menu--main elementor-nav-menu__container elementor-nav-menu--layout-horizontal e--pointer-text e--animation-shrink\"><ul id=\"menu-1-86f7d7c\" class=\"elementor-nav-menu\"><li class=\"menu-item menu-item-type-post_type menu-item-object-page menu-item-home menu-item-155\"><a href=\"https:\/\/www.rheingaumakler.de\/\" class=\"elementor-item\">Home<\/a><\/li>\n<li class=\"menu-item menu-item-type-post_type menu-item-object-page menu-item-154\"><a href=\"https:\/\/www.rheingaumakler.de\/?page_id=117\" class=\"elementor-item\">Meine Leistungen<\/a><\/li>\n<li class=\"menu-item menu-item-type-post_type menu-item-object-page menu-item-153\"><a href=\"https:\/\/www.rheingaumakler.de\/?page_id=151\" class=\"elementor-item\">Impressum<\/a><\/li>\n<li class=\"menu-item menu-item-type-post_type menu-item-object-page menu-item-312\"><a href=\"https:\/\/www.rheingaumakler.de\/?page_id=297\" class=\"elementor-item\">Datenschutz<\/a><\/li>\n<\/ul><\/nav>\n\t\t\t\t\t<div class=\"elementor-menu-toggle\" role=\"button\" tabindex=\"0\" aria-label=\"Menu Toggle\" aria-expanded=\"false\">\n\t\t\t<i class=\"eicon-menu-bar\" aria-hidden=\"true\"><\/i>\n\t\t\t<span class=\"elementor-screen-only\">Menu<\/span>\n\t\t<\/div>\n\t\t\t<nav class=\"elementor-nav-menu--dropdown elementor-nav-menu__container\" role=\"navigation\" aria-hidden=\"true\"><ul id=\"menu-2-86f7d7c\" class=\"elementor-nav-menu\"><li class=\"menu-item menu-item-type-post_type menu-item-object-page menu-item-home menu-item-155\"><a href=\"https:\/\/www.rheingaumakler.de\/\" class=\"elementor-item\">Home<\/a><\/li>\n<li class=\"menu-item menu-item-type-post_type menu-item-object-page menu-item-154\"><a href=\"https:\/\/www.rheingaumakler.de\/?page_id=117\" class=\"elementor-item\">Meine Leistungen<\/a><\/li>\n<li class=\"menu-item menu-item-type-post_type menu-item-object-page menu-item-153\"><a href=\"https:\/\/www.rheingaumakler.de\/?page_id=151\" class=\"elementor-item\">Impressum<\/a><\/li>\n<li class=\"menu-item menu-item-type-post_type menu-item-object-page menu-item-312\"><a href=\"https:\/\/www.rheingaumakler.de\/?page_id=297\" class=\"elementor-item\">Datenschutz<\/a><\/li>\n<\/ul><\/nav>\n\t\t\t\t<\/div>\n\t\t\t\t<\/div>\n\t\t\t\t\t\t<\/div>\n\t\t\t\t\t<\/div>\n\t\t<\/div>\n\t\t\t\t<div class=\"elementor-column elementor-col-25 elementor-top-column elementor-element elementor-element-ab2f4c8\" data-id=\"ab2f4c8\" data-element_type=\"column\">\n\t\t\t<div class=\"elementor-column-wrap elementor-element-populated\">\n\t\t\t\t\t\t\t<div class=\"elementor-widget-wrap\">\n\t\t\t\t\t\t<div class=\"elementor-element elementor-element-0d497c0 elementor-align-right elementor-tablet-align-right elementor-hidden-phone elementor-widget elementor-widget-button\" data-id=\"0d497c0\" data-element_type=\"widget\" data-widget_type=\"button.default\">\n\t\t\t\t<div class=\"elementor-widget-container\">\n\t\t\t\t\t<div class=\"elementor-button-wrapper\">\n\t\t\t<a href=\"mailto:info@rheingaumakler.de\" class=\"elementor-button-link elementor-button elementor-size-sm elementor-animation-shrink\" role=\"button\">\n\t\t\t\t\t\t<span class=\"elementor-button-content-wrapper\">\n\t\t\t\t\t\t<span class=\"elementor-button-text\">Kontakt<\/span>\n\t\t<\/span>\n\t\t\t\t\t<\/a>\n\t\t<\/div>\n\t\t\t\t<\/div>\n\t\t\t\t<\/div>\n\t\t\t\t\t\t<\/div>\n\t\t\t\t\t<\/div>\n\t\t<\/div>\n\t\t\t\t\t\t\t\t<\/div>\n\t\t\t\t\t<\/div>\n\t\t<\/header>\n\t\t\t\t<section class=\"elementor-section elementor-top-section elementor-element elementor-element-0e87829 elementor-section-boxed elementor-section-height-default elementor-section-height-default\" data-id=\"0e87829\" data-element_type=\"section\">\n\t\t\t\t\t\t<div class=\"elementor-container elementor-column-gap-default\">\n\t\t\t\t\t\t\t<div class=\"elementor-row\">\n\t\t\t\t\t<div class=\"elementor-column elementor-col-100 elementor-top-column elementor-element elementor-element-608a51e\" data-id=\"608a51e\" data-element_type=\"column\">\n\t\t\t<div class=\"elementor-column-wrap elementor-element-populated\">\n\t\t\t\t\t\t\t<div class=\"elementor-widget-wrap\">\n\t\t\t\t\t\t<div class=\"elementor-element elementor-element-021cf7d elementor-widget elementor-widget-text-editor\" data-id=\"021cf7d\" data-element_type=\"widget\" data-widget_type=\"text-editor.default\">\n\t\t\t\t<div class=\"elementor-widget-container\">\n\t\t\t\t\t<div class=\"elementor-text-editor elementor-clearfix\"><p><strong>I M P R E S S U M\u00a0<\/strong><\/p><p><strong>\u00a0<\/strong><\/p><p><strong>Rheingaumakler<\/strong><br \/>Samuel R\u00fcdiger<\/p><p>Weinbergblick 41<\/p><p>65399 Kiedrich<\/p><p>\u00a0<\/p><p><strong>\u00a0<\/strong><\/p><p><strong>Kontakt:<\/strong><br \/><strong>Telefon:<\/strong>\u00a0+49 151 599 891 35<br \/><strong>E-Mail:<\/strong>\u00a0<a href=\"mailto:info@rheingaumakler.de\">info@rheingaumakler.de<\/a><br \/><strong>Internet:<\/strong>\u00a0<a href=\"http:\/\/www.rheingaumakler.de\">www.rheingaumakler.de<\/a><\/p><p><strong>Firmensitz: <\/strong>Kiedrich<\/p><p>\u00a0<\/p><p><a><strong>\u00a0<\/strong><\/a><\/p><p><a><strong>Allgemeine Informationspflichten nach \u00a7 36 VSBG<\/strong><\/a><br \/>Unser Unternehmen ist grunds\u00e4tzlich nicht bereit und verpflichtet, an Streitbeilegungsverfahren vor einer Verbraucherschlichtungsstelle teilzunehmen.<\/p><p><a><strong>\u00a0<\/strong><\/a><\/p><p><a><strong>Weitere, rechtliche Hinweise<\/strong><\/a><br \/>Wir bem\u00fchen uns, unsere Website aktuell, inhaltlich korrekt sowie vollst\u00e4ndig anzubieten. Dennoch ist das Auftreten von Fehlern nicht vollst\u00e4ndig auszuschlie\u00dfen. Eine Garantie f\u00fcr die Vollst\u00e4ndigkeit, Richtigkeit und letzte Aktualit\u00e4t kann daher nicht \u00fcbernommen werden. Der Herausgeber kann diese Website nach eigenem Ermessen jederzeit ohne Ank\u00fcndigung \u00e4ndern und \/ oder deren Betrieb einstellen. Er ist nicht verpflichtet, Inhalte dieser Website zu aktualisieren.<\/p><p>Der Zugang und die Benutzung dieser Website geschehen auf eigene Gefahr des Benutzers. Wir sind nicht verantwortlich und \u00fcbernehmen keine Haftung f\u00fcr Sch\u00e4den u.a. f\u00fcr direkte, indirekte, zuf\u00e4llig, vorab konkret zu bestimmende oder Folgesch\u00e4den, die angeblich durch den oder in Verbindung mit dem Zugang und \/ oder der Benutzung dieser Website aufgetreten sind oder auftreten.<\/p><p>\u00a0<\/p><p>Wir \u00fcbernehmen keine Verantwortung f\u00fcr die Inhalte und f\u00fcr die Verf\u00fcgbarkeit von Websites Dritter, die \u00fcber externe Links dieser Website erreicht werden. Wir distanzieren uns ausdr\u00fccklich von allen Inhalten, die m\u00f6glicherweise straf- oder haftungsrechtlich relevant sind oder gegen die guten Sitten versto\u00dfen.<br \/>Sofern innerhalb der Website die M\u00f6glichkeit zur Eingabe pers\u00f6nlicher oder gesch\u00e4ftlicher Daten (E-Mail-Adressen, Namen und Anschriften) besteht, so erfolgt die Preisgabe dieser Daten seitens des Nutzers ausdr\u00fccklich auf freiwilliger Basis.<\/p><p>\u00a0<\/p><p>Online-Streitbeilegung gem. Art. 14 Abs. 1 ODR-VO: Die Europ\u00e4ische Kommission stellt eine Plattform zur Online-Streitbeilegung (OS) bereit, die Sie hier finden:\u00a0<u style=\"color: var( --e-global-color-text ); font-family: var( --e-global-typography-text-font-family ), Sans-serif; font-size: var(--global--font-size-base);\">ww<a href=\"http:\/\/ec.europa.eu\/consumers\/odr\">w.ec.europa.eu\/consumers\/odr<\/a><\/u><\/p><p>Wir nehmen nicht an einem\u00a0Streitbeilegungsverfahren vor einer Verbraucherschlichtungsstelle teil.<\/p><\/div>\n\t\t\t\t<\/div>\n\t\t\t\t<\/div>\n\t\t\t\t\t\t<\/div>\n\t\t\t\t\t<\/div>\n\t\t<\/div>\n\t\t\t\t\t\t\t\t<\/div>\n\t\t\t\t\t<\/div>\n\t\t<\/section>\n\t\t\t\t\t\t<\/div>\n\t\t\t\t\t\t<\/div>\n\t\t\t\t\t<\/div>\n\t\t","protected":false},"excerpt":{"rendered":"<p>Kontakt I M P R E S S U M\u00a0 \u00a0 RheingaumaklerSamuel R\u00fcdiger Weinbergblick 41 65399 Kiedrich \u00a0 \u00a0 Kontakt:Telefon:\u00a0+49 151 599 891 35E-Mail:\u00a0info@rheingaumakler.deInternet:\u00a0www.rheingaumakler.de Firmensitz: Kiedrich \u00a0 \u00a0 Allgemeine Informationspflichten nach \u00a7 36 VSBGUnser Unternehmen ist grunds\u00e4tzlich nicht bereit und verpflichtet, an Streitbeilegungsverfahren vor einer Verbraucherschlichtungsstelle teilzunehmen. \u00a0 Weitere, rechtliche HinweiseWir bem\u00fchen uns, unsere Website&hellip; <a class=\"more-link\" href=\"https:\/\/www.rheingaumakler.de\/?page_id=151\"><span class=\"screen-reader-text\">Impressum<\/span> weiterlesen<\/a><\/p>\n","protected":false},"author":1,"featured_media":0,"parent":0,"menu_order":0,"comment_status":"closed","ping_status":"closed","template":"elementor_canvas","meta":[],"_links":{"self":[{"href":"https:\/\/www.rheingaumakler.de\/index.php?rest_route=\/wp\/v2\/pages\/151"}],"collection":[{"href":"https:\/\/www.rheingaumakler.de\/index.php?rest_route=\/wp\/v2\/pages"}],"about":[{"href":"https:\/\/www.rheingaumakler.de\/index.php?rest_route=\/wp\/v2\/types\/page"}],"author":[{"embeddable":true,"href":"https:\/\/www.rheingaumakler.de\/index.php?rest_route=\/wp\/v2\/users\/1"}],"replies":[{"embeddable":true,"href":"https:\/\/www.rheingaumakler.de\/index.php?rest_route=%2Fwp%2Fv2%2Fcomments&post=151"}],"version-history":[{"count":10,"href":"https:\/\/www.rheingaumakler.de\/index.php?rest_route=\/wp\/v2\/pages\/151\/revisions"}],"predecessor-version":[{"id":231,"href":"https:\/\/www.rheingaumakler.de\/index.php?rest_route=\/wp\/v2\/pages\/151\/revisions\/231"}],"wp:attachment":[{"href":"https:\/\/www.rheingaumakler.de\/index.php?rest_route=%2Fwp%2Fv2%2Fmedia&parent=151"}],"curies":[{"name":"wp","href":"https:\/\/api.w.org\/{rel}","templated":true}]}}